{"id":687,"date":"2026-03-09T10:23:50","date_gmt":"2026-03-09T09:23:50","guid":{"rendered":"https:\/\/pecsizserbocukraszda.hu\/?page_id=687"},"modified":"2026-03-09T10:27:30","modified_gmt":"2026-03-09T09:27:30","slug":"impresszum","status":"publish","type":"page","link":"https:\/\/pecsizserbocukraszda.hu\/en\/impresszum\/","title":{"rendered":"masthead"},"content":{"rendered":"<style>.elementor-687 .elementor-element.elementor-element-34cc5e6 > .elementor-container{max-width:1290px;}.elementor-687 .elementor-element.elementor-element-34cc5e6:not(.elementor-motion-effects-element-type-background), .elementor-687 .elementor-element.elementor-element-34cc5e6 > .elementor-motion-effects-container > .elementor-motion-effects-layer{background-color:transparent;background-image:radial-gradient(at bottom left, var( --e-global-color-accent ) 0%, #D4A474 0%);}.elementor-687 .elementor-element.elementor-element-34cc5e6 > .elementor-background-overlay{background-image:url(\"https:\/\/pecsizserbocukraszda.hu\/wp-content\/uploads\/2026\/01\/light-blue-paper-textured-background.jpg\");background-size:cover;opacity:0.25;mix-blend-mode:multiply;transition:background 0.3s, border-radius 0.3s, opacity 0.3s;}.elementor-687 .elementor-element.elementor-element-34cc5e6{transition:background 0.3s, border 0.3s, border-radius 0.3s, box-shadow 0.3s;margin-top:-85px;margin-bottom:0px;padding:200px 0px 100px 0px;}.elementor-687 .elementor-element.elementor-element-a9df95a > .elementor-element-populated{margin:20px 0px 0px 0px;--e-column-margin-right:0px;--e-column-margin-left:0px;padding:0px 0px 0px 0px;}.elementor-687 .elementor-element.elementor-element-3d0b859 .elementor-heading-title{font-family:var( --e-global-typography-685ccff-font-family ), Sans-serif;font-size:var( --e-global-typography-685ccff-font-size );font-weight:var( --e-global-typography-685ccff-font-weight );text-transform:var( --e-global-typography-685ccff-text-transform );line-height:var( --e-global-typography-685ccff-line-height );letter-spacing:var( --e-global-typography-685ccff-letter-spacing );word-spacing:var( --e-global-typography-685ccff-word-spacing );color:#FFFFFF;}.elementor-687 .elementor-element.elementor-element-333fc44{--display:flex;--flex-direction:row;--container-widget-width:initial;--container-widget-height:100%;--container-widget-flex-grow:1;--container-widget-align-self:stretch;--flex-wrap-mobile:wrap;--gap:0px 0px;--row-gap:0px;--column-gap:0px;--padding-top:140px;--padding-bottom:140px;--padding-left:0px;--padding-right:0px;}.elementor-687 .elementor-element.elementor-element-333fc44:not(.elementor-motion-effects-element-type-background), .elementor-687 .elementor-element.elementor-element-333fc44 > .elementor-motion-effects-container > .elementor-motion-effects-layer{background-color:#DFAE7540;}.elementor-687 .elementor-element.elementor-element-97b9f93{--display:flex;--flex-direction:column;--container-widget-width:100%;--container-widget-height:initial;--container-widget-flex-grow:0;--container-widget-align-self:initial;--flex-wrap-mobile:wrap;}.elementor-687 .elementor-element.elementor-element-1c35d08{--display:flex;--flex-direction:column;--container-widget-width:100%;--container-widget-height:initial;--container-widget-flex-grow:0;--container-widget-align-self:initial;--flex-wrap-mobile:wrap;}:root{--page-title-display:none;}@media(min-width:768px){.elementor-687 .elementor-element.elementor-element-97b9f93{--width:50%;}.elementor-687 .elementor-element.elementor-element-1c35d08{--width:50%;}}@media(max-width:1024px){.elementor-687 .elementor-element.elementor-element-a9df95a > .elementor-element-populated{margin:0px 0px 0px 0px;--e-column-margin-right:0px;--e-column-margin-left:0px;padding:0px 0px 0px 10px;}.elementor-687 .elementor-element.elementor-element-3d0b859 .elementor-heading-title{font-size:var( --e-global-typography-685ccff-font-size );line-height:var( --e-global-typography-685ccff-line-height );letter-spacing:var( --e-global-typography-685ccff-letter-spacing );word-spacing:var( --e-global-typography-685ccff-word-spacing );}.elementor-687 .elementor-element.elementor-element-333fc44{--margin-top:0px;--margin-bottom:0px;--margin-left:0px;--margin-right:0px;--padding-top:100px;--padding-bottom:40px;--padding-left:0px;--padding-right:0px;--z-index:2;}}@media(max-width:767px){.elementor-687 .elementor-element.elementor-element-34cc5e6{padding:160px 0px 80px 0px;}.elementor-687 .elementor-element.elementor-element-3d0b859 .elementor-heading-title{font-size:var( --e-global-typography-685ccff-font-size );line-height:var( --e-global-typography-685ccff-line-height );letter-spacing:var( --e-global-typography-685ccff-letter-spacing );word-spacing:var( --e-global-typography-685ccff-word-spacing );}.elementor-687 .elementor-element.elementor-element-333fc44{--padding-top:20px;--padding-bottom:20px;--padding-left:20px;--padding-right:20px;}}<\/style>\t\t<div data-elementor-type=\"wp-page\" data-elementor-id=\"687\" class=\"elementor elementor-687\" data-elementor-post-type=\"page\">\n\t\t\t\t\t\t<section class=\"elementor-section elementor-top-section elementor-element elementor-element-34cc5e6 elementor-reverse-tablet elementor-reverse-mobile elementor-section-boxed elementor-section-height-default elementor-section-height-default\" data-id=\"34cc5e6\" data-element_type=\"section\" data-e-type=\"section\" data-settings=\"{&quot;background_background&quot;:&quot;gradient&quot;}\">\n\t\t\t\t\t\t\t<div class=\"elementor-background-overlay\"><\/div>\n\t\t\t\t\t\t\t<div class=\"elementor-container elementor-column-gap-no\">\n\t\t\t\t\t<div class=\"elementor-column elementor-col-100 elementor-top-column elementor-element elementor-element-a9df95a\" data-id=\"a9df95a\" data-element_type=\"column\" data-e-type=\"column\">\n\t\t\t<div class=\"elementor-widget-wrap elementor-element-populated\">\n\t\t\t\t\t\t<div class=\"elementor-element elementor-element-3d0b859 elementor-widget elementor-widget-heading\" data-id=\"3d0b859\" data-element_type=\"widget\" data-e-type=\"widget\" data-widget_type=\"heading.default\">\n\t\t\t\t\t<h2 class=\"elementor-heading-title elementor-size-default\">masthead<\/h2>\t\t\t\t<\/div>\n\t\t\t\t\t<\/div>\n\t\t<\/div>\n\t\t\t\t\t<\/div>\n\t\t<\/section>\n\t\t<div class=\"elementor-element elementor-element-333fc44 e-flex e-con-boxed e-con e-parent\" data-id=\"333fc44\" data-element_type=\"container\" data-e-type=\"container\" data-settings=\"{&quot;background_background&quot;:&quot;classic&quot;}\">\n\t\t\t\t\t<div class=\"e-con-inner\">\n\t\t<div class=\"elementor-element elementor-element-97b9f93 e-con-full e-flex e-con e-child\" data-id=\"97b9f93\" data-element_type=\"container\" data-e-type=\"container\">\n\t\t\t\t<div class=\"elementor-element elementor-element-3dec65a elementor-widget elementor-widget-text-editor\" data-id=\"3dec65a\" data-element_type=\"widget\" data-e-type=\"widget\" data-widget_type=\"text-editor.default\">\n\t\t\t\t\t\t\t\t\t<h3 data-section-id=\"1kkfpe3\" data-start=\"1352\" data-end=\"1374\">Powered by<\/h3><p data-start=\"1137\" data-end=\"1192\">Happy Cake Limited Liability Company<\/p><p data-start=\"1194\" data-end=\"1238\">Seat:<br data-start=\"1203\" data-end=\"1206\" \/>1118 Budapest, Nagyszeben t\u00e9r 2.<br \/>Location:<br data-start=\"1250\" data-end=\"1253\" \/>7624 P\u00e9cs, R\u00f3kusalja u. 9.<br \/>Tax number:<br data-start=\"1289\" data-end=\"1292\" \/>24901943-2-43<br \/>E-mail:<br data-start=\"1314\" data-end=\"1317\" \/><a class=\"decorated-link cursor-pointer\" href=\"mailto:info@pecsizserbocukraszda.hu\" rel=\"noopener\" data-start=\"1317\" data-end=\"1345\">info@pecsizserbocukraszda.hu<\/a><\/p>\t\t\t\t\t\t\t\t<\/div>\n\t\t\t\t<\/div>\n\t\t<div class=\"elementor-element elementor-element-1c35d08 e-con-full e-flex e-con e-child\" data-id=\"1c35d08\" data-element_type=\"container\" data-e-type=\"container\">\n\t\t\t\t<div class=\"elementor-element elementor-element-6f8a7c8 elementor-widget elementor-widget-text-editor\" data-id=\"6f8a7c8\" data-element_type=\"widget\" data-e-type=\"widget\" data-widget_type=\"text-editor.default\">\n\t\t\t\t\t\t\t\t\t<h3 data-section-id=\"1kkfpe3\" data-start=\"1352\" data-end=\"1374\">Hosting<\/h3><p data-start=\"1376\" data-end=\"1462\">Sybell Informatika Ltd.<br data-start=\"1399\" data-end=\"1402\" \/>1138 Budapest, Tomori utca 34., 2nd floor<br data-start=\"1442\" data-end=\"1445\" \/><a class=\"decorated-link\" href=\"https:\/\/sybell.hu\" target=\"_new\" rel=\"noopener\" data-start=\"1445\" data-end=\"1462\">https:\/\/sybell.hu<\/a><\/p>\t\t\t\t\t\t\t\t<\/div>\n\t\t\t\t<\/div>\n\t\t\t\t\t<\/div>\n\t\t\t\t<\/div>\n\t\t\t\t<\/div>","protected":false},"excerpt":{"rendered":"<p>Impresszum \u00dczemeltet\u0151 Happy Cake Korl\u00e1tolt Felel\u0151ss\u00e9g\u0171 T\u00e1rsas\u00e1g Sz\u00e9khely:1118 Budapest, Nagyszeben t\u00e9r 2.Telephely:7624 P\u00e9cs, R\u00f3kusalja u. 9.Ad\u00f3sz\u00e1m:24901943-2-43E-mail:info@pecsizserbocukraszda.hu T\u00e1rhelyszolg\u00e1ltat\u00f3 Sybell Informatika Kft.1138 Budapest, Tomori utca 34. 2. emelethttps:\/\/sybell.hu<\/p>","protected":false},"author":1,"featured_media":0,"parent":0,"menu_order":0,"comment_status":"closed","ping_status":"closed","template":"elementor_header_footer","meta":{"footnotes":""},"class_list":["post-687","page","type-page","status-publish","hentry"],"yoast_head":"<!-- This site is optimized with the Yoast SEO plugin v27.3 - https:\/\/yoast.com\/product\/yoast-seo-wordpress\/ -->\n<title>Impresszum - Pecsi Zserb\u00f3 Cukr\u00e1szda<\/title>\n<meta name=\"robots\" content=\"index, follow, max-snippet:-1, max-image-preview:large, max-video-preview:-1\" \/>\n<link rel=\"canonical\" href=\"https:\/\/pecsizserbocukraszda.hu\/en\/impresszum\/\" \/>\n<meta property=\"og:locale\" content=\"en_US\" \/>\n<meta property=\"og:type\" content=\"article\" \/>\n<meta property=\"og:title\" content=\"Impresszum - Pecsi Zserb\u00f3 Cukr\u00e1szda\" \/>\n<meta property=\"og:description\" content=\"Impresszum \u00dczemeltet\u0151 Happy Cake Korl\u00e1tolt Felel\u0151ss\u00e9g\u0171 T\u00e1rsas\u00e1g Sz\u00e9khely:1118 Budapest, Nagyszeben t\u00e9r 2.Telephely:7624 P\u00e9cs, R\u00f3kusalja u. 9.Ad\u00f3sz\u00e1m:24901943-2-43E-mail:info@pecsizserbocukraszda.hu T\u00e1rhelyszolg\u00e1ltat\u00f3 Sybell Informatika Kft.1138 Budapest, Tomori utca 34. 2. emelethttps:\/\/sybell.hu\" \/>\n<meta property=\"og:url\" content=\"https:\/\/pecsizserbocukraszda.hu\/en\/impresszum\/\" \/>\n<meta property=\"og:site_name\" content=\"Pecsi Zserb\u00f3 Cukr\u00e1szda\" \/>\n<meta property=\"article:modified_time\" content=\"2026-03-09T09:27:30+00:00\" \/>\n<meta name=\"twitter:card\" content=\"summary_large_image\" \/>\n<meta name=\"twitter:label1\" content=\"Est. reading time\" \/>\n\t<meta name=\"twitter:data1\" content=\"1 minute\" \/>\n<script type=\"application\/ld+json\" class=\"yoast-schema-graph\">{\"@context\":\"https:\\\/\\\/schema.org\",\"@graph\":[{\"@type\":\"WebPage\",\"@id\":\"https:\\\/\\\/pecsizserbocukraszda.hu\\\/impresszum\\\/\",\"url\":\"https:\\\/\\\/pecsizserbocukraszda.hu\\\/impresszum\\\/\",\"name\":\"Impresszum - Pecsi Zserb\u00f3 Cukr\u00e1szda\",\"isPartOf\":{\"@id\":\"https:\\\/\\\/pecsizserbocukraszda.hu\\\/#website\"},\"datePublished\":\"2026-03-09T09:23:50+00:00\",\"dateModified\":\"2026-03-09T09:27:30+00:00\",\"breadcrumb\":{\"@id\":\"https:\\\/\\\/pecsizserbocukraszda.hu\\\/impresszum\\\/#breadcrumb\"},\"inLanguage\":\"en-US\",\"potentialAction\":[{\"@type\":\"ReadAction\",\"target\":[\"https:\\\/\\\/pecsizserbocukraszda.hu\\\/impresszum\\\/\"]}]},{\"@type\":\"BreadcrumbList\",\"@id\":\"https:\\\/\\\/pecsizserbocukraszda.hu\\\/impresszum\\\/#breadcrumb\",\"itemListElement\":[{\"@type\":\"ListItem\",\"position\":1,\"name\":\"Kezd\u0151lap\",\"item\":\"https:\\\/\\\/pecsizserbocukraszda.hu\\\/\"},{\"@type\":\"ListItem\",\"position\":2,\"name\":\"Impresszum\"}]},{\"@type\":\"WebSite\",\"@id\":\"https:\\\/\\\/pecsizserbocukraszda.hu\\\/#website\",\"url\":\"https:\\\/\\\/pecsizserbocukraszda.hu\\\/\",\"name\":\"Pecsi Zserb\u00f3 Cukr\u00e1szda\",\"description\":\"\",\"potentialAction\":[{\"@type\":\"SearchAction\",\"target\":{\"@type\":\"EntryPoint\",\"urlTemplate\":\"https:\\\/\\\/pecsizserbocukraszda.hu\\\/?s={search_term_string}\"},\"query-input\":{\"@type\":\"PropertyValueSpecification\",\"valueRequired\":true,\"valueName\":\"search_term_string\"}}],\"inLanguage\":\"en-US\"}]}<\/script>\n<!-- \/ Yoast SEO plugin. -->","yoast_head_json":{"title":"Impresszum - Pecsi Zserb\u00f3 Cukr\u00e1szda","robots":{"index":"index","follow":"follow","max-snippet":"max-snippet:-1","max-image-preview":"max-image-preview:large","max-video-preview":"max-video-preview:-1"},"canonical":"https:\/\/pecsizserbocukraszda.hu\/en\/impresszum\/","og_locale":"en_US","og_type":"article","og_title":"Impresszum - Pecsi Zserb\u00f3 Cukr\u00e1szda","og_description":"Impresszum \u00dczemeltet\u0151 Happy Cake Korl\u00e1tolt Felel\u0151ss\u00e9g\u0171 T\u00e1rsas\u00e1g Sz\u00e9khely:1118 Budapest, Nagyszeben t\u00e9r 2.Telephely:7624 P\u00e9cs, R\u00f3kusalja u. 9.Ad\u00f3sz\u00e1m:24901943-2-43E-mail:info@pecsizserbocukraszda.hu T\u00e1rhelyszolg\u00e1ltat\u00f3 Sybell Informatika Kft.1138 Budapest, Tomori utca 34. 2. emelethttps:\/\/sybell.hu","og_url":"https:\/\/pecsizserbocukraszda.hu\/en\/impresszum\/","og_site_name":"Pecsi Zserb\u00f3 Cukr\u00e1szda","article_modified_time":"2026-03-09T09:27:30+00:00","twitter_card":"summary_large_image","twitter_misc":{"Est. reading time":"1 minute"},"schema":{"@context":"https:\/\/schema.org","@graph":[{"@type":"WebPage","@id":"https:\/\/pecsizserbocukraszda.hu\/impresszum\/","url":"https:\/\/pecsizserbocukraszda.hu\/impresszum\/","name":"Impresszum - Pecsi Zserb\u00f3 Cukr\u00e1szda","isPartOf":{"@id":"https:\/\/pecsizserbocukraszda.hu\/#website"},"datePublished":"2026-03-09T09:23:50+00:00","dateModified":"2026-03-09T09:27:30+00:00","breadcrumb":{"@id":"https:\/\/pecsizserbocukraszda.hu\/impresszum\/#breadcrumb"},"inLanguage":"en-US","potentialAction":[{"@type":"ReadAction","target":["https:\/\/pecsizserbocukraszda.hu\/impresszum\/"]}]},{"@type":"BreadcrumbList","@id":"https:\/\/pecsizserbocukraszda.hu\/impresszum\/#breadcrumb","itemListElement":[{"@type":"ListItem","position":1,"name":"Kezd\u0151lap","item":"https:\/\/pecsizserbocukraszda.hu\/"},{"@type":"ListItem","position":2,"name":"Impresszum"}]},{"@type":"WebSite","@id":"https:\/\/pecsizserbocukraszda.hu\/#website","url":"https:\/\/pecsizserbocukraszda.hu\/","name":"Pecsi Zserb\u00f3 Cukr\u00e1szda","description":"","potentialAction":[{"@type":"SearchAction","target":{"@type":"EntryPoint","urlTemplate":"https:\/\/pecsizserbocukraszda.hu\/?s={search_term_string}"},"query-input":{"@type":"PropertyValueSpecification","valueRequired":true,"valueName":"search_term_string"}}],"inLanguage":"en-US"}]}},"_links":{"self":[{"href":"https:\/\/pecsizserbocukraszda.hu\/en\/wp-json\/wp\/v2\/pages\/687","targetHints":{"allow":["GET"]}}],"collection":[{"href":"https:\/\/pecsizserbocukraszda.hu\/en\/wp-json\/wp\/v2\/pages"}],"about":[{"href":"https:\/\/pecsizserbocukraszda.hu\/en\/wp-json\/wp\/v2\/types\/page"}],"author":[{"embeddable":true,"href":"https:\/\/pecsizserbocukraszda.hu\/en\/wp-json\/wp\/v2\/users\/1"}],"replies":[{"embeddable":true,"href":"https:\/\/pecsizserbocukraszda.hu\/en\/wp-json\/wp\/v2\/comments?post=687"}],"version-history":[{"count":4,"href":"https:\/\/pecsizserbocukraszda.hu\/en\/wp-json\/wp\/v2\/pages\/687\/revisions"}],"predecessor-version":[{"id":692,"href":"https:\/\/pecsizserbocukraszda.hu\/en\/wp-json\/wp\/v2\/pages\/687\/revisions\/692"}],"wp:attachment":[{"href":"https:\/\/pecsizserbocukraszda.hu\/en\/wp-json\/wp\/v2\/media?parent=687"}],"curies":[{"name":"wp","href":"https:\/\/api.w.org\/{rel}","templated":true}]}}